{"id":116,"date":"2026-03-14T10:39:21","date_gmt":"2026-03-14T10:39:21","guid":{"rendered":"https:\/\/lorentzenhald.dk\/?page_id=116"},"modified":"2026-04-09T14:12:10","modified_gmt":"2026-04-09T14:12:10","slug":"ny-forside","status":"publish","type":"page","link":"https:\/\/lorentzenhald.dk\/","title":{"rendered":"Ny forside"},"content":{"rendered":"<p>[et_pb_section fb_built=&#8221;1&#8243; _builder_version=&#8221;4.27.5&#8243; _module_preset=&#8221;default&#8221; global_colors_info=&#8221;{}&#8221;][et_pb_row _builder_version=&#8221;4.27.5&#8243; _module_preset=&#8221;default&#8221; global_colors_info=&#8221;{}&#8221;][et_pb_column type=&#8221;4_4&#8243; _builder_version=&#8221;4.27.5&#8243; _module_preset=&#8221;default&#8221; global_colors_info=&#8221;{}&#8221;][et_pb_image src=&#8221;https:\/\/lorentzenhald.dk\/wp-content\/uploads\/2026\/03\/fokus_logo.png&#8221; title_text=&#8221;fokus_logo&#8221; _builder_version=&#8221;4.27.5&#8243; _module_preset=&#8221;default&#8221; width=&#8221;18%&#8221; width_tablet=&#8221;29%&#8221; width_phone=&#8221;49%&#8221; width_last_edited=&#8221;on|phone&#8221; module_alignment=&#8221;center&#8221; animation_style=&#8221;fade&#8221; animation_duration=&#8221;1500ms&#8221; global_colors_info=&#8221;{}&#8221;][\/et_pb_image][et_pb_heading title=&#8221;Steen R. Lorentzen&#8221; _builder_version=&#8221;4.27.6&#8243; _module_preset=&#8221;default&#8221; title_font=&#8221;Alegreya||||||||&#8221; title_text_align=&#8221;center&#8221; title_text_color=&#8221;#072f9e&#8221; title_font_size=&#8221;86px&#8221; title_font_size_tablet=&#8221;66px&#8221; title_font_size_phone=&#8221;35px&#8221; title_font_size_last_edited=&#8221;on|phone&#8221; global_colors_info=&#8221;{}&#8221;][\/et_pb_heading][et_pb_code _builder_version=&#8221;4.27.6&#8243; _module_preset=&#8221;default&#8221; global_colors_info=&#8221;{}&#8221;]<script><!-- [et_pb_line_break_holder] -->    jQuery(document).ready(function($) {<!-- [et_pb_line_break_holder] -->        $(\"img\").mouseenter(function() {<!-- [et_pb_line_break_holder] -->            let $pac_da_title = $(this).attr(\"title\");<!-- [et_pb_line_break_holder] -->            $(this).attr(\"pac_da_title\", $pac_da_title);<!-- [et_pb_line_break_holder] -->            $(this).attr(\"title\", \"\");<!-- [et_pb_line_break_holder] -->        }).mouseleave(function() {<!-- [et_pb_line_break_holder] -->            let $pac_da_title = $(this).attr(\"pac_da_title\");<!-- [et_pb_line_break_holder] -->            $(this).attr(\"title\", $pac_da_title);<!-- [et_pb_line_break_holder] -->            $(this).removeAttr(\"pac_da_title\");<!-- [et_pb_line_break_holder] -->        });<!-- [et_pb_line_break_holder] -->    });<!-- [et_pb_line_break_holder] --><\/script>[\/et_pb_code][et_pb_heading title=&#8221;billedkunstner&#8221; _builder_version=&#8221;4.27.5&#8243; _module_preset=&#8221;default&#8221; title_level=&#8221;h2&#8243; title_font=&#8221;Akaya Kanadaka||||||||&#8221; title_text_align=&#8221;center&#8221; title_text_color=&#8221;#702b00&#8243; title_font_size=&#8221;67px&#8221; title_letter_spacing=&#8221;7px&#8221; custom_margin=&#8221;-37px||||false|false&#8221; title_text_color_tablet=&#8221;&#8221; title_text_color_phone=&#8221;&#8221; title_text_color_last_edited=&#8221;on|phone&#8221; title_font_size_tablet=&#8221;57px&#8221; title_font_size_phone=&#8221;30px&#8221; title_font_size_last_edited=&#8221;on|phone&#8221; global_colors_info=&#8221;{}&#8221;][\/et_pb_heading][\/et_pb_column][\/et_pb_row][et_pb_row _builder_version=&#8221;4.27.5&#8243; _module_preset=&#8221;default&#8221; global_colors_info=&#8221;{}&#8221;][et_pb_column type=&#8221;4_4&#8243; _builder_version=&#8221;4.27.5&#8243; _module_preset=&#8221;default&#8221; global_colors_info=&#8221;{}&#8221;][wdcl_image_carousel animation_speed=&#8221;2200ms&#8221; nav_pagi=&#8221;none&#8221; is_variable_width=&#8221;on&#8221; slide_to_scroll=&#8221;3&#8243; is_center=&#8221;on&#8221; center_mode_type=&#8221;highlighted&#8221; arrow_color=&#8221;RGBA(255,255,255,0)&#8221; arrow_bg=&#8221;RGBA(255,255,255,0)&#8221; use_lightbox=&#8221;on&#8221; slide_count_tablet=&#8221;2&#8243; slide_count_phone=&#8221;1&#8243; slide_count_last_edited=&#8221;on|tablet&#8221; _builder_version=&#8221;4.27.5&#8243; _module_preset=&#8221;default&#8221; global_colors_info=&#8221;{}&#8221;][wdcl_image_carousel_child photo=&#8221;https:\/\/lorentzenhald.dk\/wp-content\/uploads\/2026\/03\/my_office_rnd.png&#8221; _builder_version=&#8221;4.27.5&#8243; _module_preset=&#8221;default&#8221; title_level=&#8221;h1&#8243; title_font=&#8221;Abril Fatface||||||||&#8221; title_text_color=&#8221;#EDF000&#8243; subtitle_level=&#8221;h3&#8243; subtitle_text_color=&#8221;#7CDA24&#8243; text_orientation=&#8221;center&#8221; global_colors_info=&#8221;{}&#8221;][\/wdcl_image_carousel_child][wdcl_image_carousel_child photo=&#8221;https:\/\/lorentzenhald.dk\/wp-content\/uploads\/2026\/03\/sumsum_i_sundby_rnd.png&#8221; _builder_version=&#8221;4.27.5&#8243; _module_preset=&#8221;default&#8221; title_level=&#8221;h1&#8243; title_font=&#8221;Abril Fatface||||||||&#8221; title_text_color=&#8221;#EDF000&#8243; subtitle_level=&#8221;h3&#8243; subtitle_text_color=&#8221;#7CDA24&#8243; text_orientation=&#8221;center&#8221; global_colors_info=&#8221;{}&#8221;][\/wdcl_image_carousel_child][wdcl_image_carousel_child photo=&#8221;https:\/\/lorentzenhald.dk\/wp-content\/uploads\/2026\/03\/grit_sha.png&#8221; _builder_version=&#8221;4.27.5&#8243; _module_preset=&#8221;default&#8221; title_level=&#8221;h1&#8243; title_font=&#8221;Abril Fatface||||||||&#8221; title_text_color=&#8221;#EDF000&#8243; subtitle_level=&#8221;h3&#8243; subtitle_text_color=&#8221;#7CDA24&#8243; text_orientation=&#8221;center&#8221; global_colors_info=&#8221;{}&#8221;][\/wdcl_image_carousel_child][wdcl_image_carousel_child photo=&#8221;https:\/\/lorentzenhald.dk\/wp-content\/uploads\/2026\/03\/limfjord03_rnd.png&#8221; _builder_version=&#8221;4.27.5&#8243; _module_preset=&#8221;default&#8221; title_level=&#8221;h1&#8243; title_font=&#8221;Abril Fatface||||||||&#8221; title_text_color=&#8221;#EDF000&#8243; subtitle_level=&#8221;h3&#8243; subtitle_text_color=&#8221;#7CDA24&#8243; text_orientation=&#8221;center&#8221; global_colors_info=&#8221;{}&#8221;][\/wdcl_image_carousel_child][wdcl_image_carousel_child photo=&#8221;https:\/\/lorentzenhald.dk\/wp-content\/uploads\/2026\/03\/Haarby-kirke_sa.png&#8221; _builder_version=&#8221;4.27.5&#8243; _module_preset=&#8221;default&#8221; title_level=&#8221;h1&#8243; title_font=&#8221;Abril Fatface||||||||&#8221; title_text_color=&#8221;#EDF000&#8243; subtitle_level=&#8221;h3&#8243; subtitle_text_color=&#8221;#7CDA24&#8243; text_orientation=&#8221;center&#8221; global_colors_info=&#8221;{}&#8221;][\/wdcl_image_carousel_child][\/wdcl_image_carousel][\/et_pb_column][\/et_pb_row][\/et_pb_section][et_pb_section fb_built=&#8221;1&#8243; admin_label=&#8221;section&#8221; _builder_version=&#8221;4.16&#8243; global_colors_info=&#8221;{}&#8221;][et_pb_row _builder_version=&#8221;4.27.5&#8243; _module_preset=&#8221;default&#8221; background_color=&#8221;rgba(168,146,122,0.11)&#8221; border_radii=&#8221;off|15px|15px||&#8221; global_colors_info=&#8221;{}&#8221;][et_pb_column type=&#8221;4_4&#8243; _builder_version=&#8221;4.27.5&#8243; _module_preset=&#8221;default&#8221; global_colors_info=&#8221;{}&#8221;][et_pb_heading title=&#8221;Velkommen til&#8221; _builder_version=&#8221;4.27.6&#8243; _module_preset=&#8221;default&#8221; title_font=&#8221;Aclonica||||||||&#8221; title_text_align=&#8221;center&#8221; title_text_color=&#8221;#072f9e&#8221; title_font_size=&#8221;60px&#8221; title_font_size_tablet=&#8221;45px&#8221; title_font_size_phone=&#8221;23px&#8221; title_font_size_last_edited=&#8221;on|phone&#8221; global_colors_info=&#8221;{}&#8221;][\/et_pb_heading][et_pb_text _builder_version=&#8221;4.27.6&#8243; _module_preset=&#8221;default&#8221; text_font=&#8221;Antic Slab||||||||&#8221; text_font_size=&#8221;21px&#8221; custom_padding=&#8221;|15px||15px|false|false&#8221; text_font_size_tablet=&#8221;18px&#8221; text_font_size_phone=&#8221;15px&#8221; text_font_size_last_edited=&#8221;on|phone&#8221; global_colors_info=&#8221;{}&#8221;]<\/p>\n<p>&#8230; min hjemmeside hvor du kan se lidt om hvad jeg g\u00e5r og roder med. Jeg bruger fotografering, tegning, maleri og ai (intet er helligt) til at lave mine illustrationer.<\/p>\n<p>N\u00e5r jeg ikke arbejder med billeder, g\u00e5r tiden med at lave forskellige web-l\u00f8sninger.<\/p>\n<p>[\/et_pb_text][\/et_pb_column][\/et_pb_row][et_pb_row column_structure=&#8221;1_4,1_4,1_4,1_4&#8243; make_equal=&#8221;on&#8221; _builder_version=&#8221;4.27.5&#8243; _module_preset=&#8221;default&#8221; background_color=&#8221;rgba(168,146,122,0.11)&#8221; module_alignment=&#8221;center&#8221; custom_margin=&#8221;0px|||0px|false|false&#8221; custom_padding=&#8221;|15px||15px|false|false&#8221; border_radii=&#8221;off|||15px|15px&#8221; global_colors_info=&#8221;{}&#8221;][et_pb_column type=&#8221;1_4&#8243; _builder_version=&#8221;4.27.5&#8243; _module_preset=&#8221;default&#8221; global_colors_info=&#8221;{}&#8221;][et_pb_cta title=&#8221;Trivselsm\u00e5ling&#8221; button_url=&#8221;https:\/\/www.skematic.dk&#8221; button_text=&#8221;Klik&#8221; _builder_version=&#8221;4.27.6&#8243; _module_preset=&#8221;default&#8221; header_font=&#8221;Abril Fatface||||||||&#8221; header_text_align=&#8221;left&#8221; header_text_color=&#8221;#000000&#8243; header_font_size=&#8221;19px&#8221; header_letter_spacing=&#8221;3px&#8221; body_text_color=&#8221;#000000&#8243; background_color=&#8221;#E02B20&#8243; use_background_color_gradient=&#8221;on&#8221; background_color_gradient_stops=&#8221;#2b87da 21%|#29c4a9 69%&#8221; background_enable_mask_style=&#8221;on&#8221; background_mask_style=&#8221;honeycomb&#8221; custom_button=&#8221;on&#8221; button_text_color=&#8221;#000000&#8243; button_font=&#8221;Aboreto||||||||&#8221; button_alignment=&#8221;left&#8221; text_orientation=&#8221;left&#8221; custom_margin=&#8221;||||false|false&#8221; custom_padding=&#8221;||||false|false&#8221; hover_enabled=&#8221;0&#8243; background_last_edited=&#8221;off|desktop&#8221; border_radii=&#8221;on|15px|15px|15px|15px&#8221; box_shadow_style=&#8221;preset3&#8243; global_colors_info=&#8221;{}&#8221; sticky_enabled=&#8221;0&#8243;][\/et_pb_cta][\/et_pb_column][et_pb_column type=&#8221;1_4&#8243; _builder_version=&#8221;4.27.5&#8243; _module_preset=&#8221;default&#8221; global_colors_info=&#8221;{}&#8221;][et_pb_cta title=&#8221;Elevradar&#8221; button_url=&#8221;@ET-DC@eyJkeW5hbWljIjp0cnVlLCJjb250ZW50IjoicG9zdF9saW5rX3VybF9wYWdlIiwic2V0dGluZ3MiOnsicG9zdF9pZCI6IjE3MCJ9fQ==@&#8221; button_text=&#8221;Klik&#8221; _builder_version=&#8221;4.27.5&#8243; _dynamic_attributes=&#8221;button_url&#8221; _module_preset=&#8221;default&#8221; header_font=&#8221;Abril Fatface||||||||&#8221; header_text_align=&#8221;left&#8221; header_text_color=&#8221;#000000&#8243; header_letter_spacing=&#8221;3px&#8221; background_color=&#8221;#0d70c1&#8243; use_background_color_gradient=&#8221;on&#8221; background_color_gradient_stops=&#8221;#2b87da 72%|#29c4a9 100%&#8221; background_enable_mask_style=&#8221;on&#8221; background_mask_style=&#8221;rock-stack&#8221; custom_button=&#8221;on&#8221; button_text_color=&#8221;#000000&#8243; button_font=&#8221;Aboreto||||||||&#8221; button_use_icon=&#8221;off&#8221; button_alignment=&#8221;left&#8221; border_radii=&#8221;on|15px|15px|15px|15px&#8221; box_shadow_style=&#8221;preset3&#8243; global_colors_info=&#8221;{}&#8221;][\/et_pb_cta][\/et_pb_column][et_pb_column type=&#8221;1_4&#8243; _builder_version=&#8221;4.27.5&#8243; _module_preset=&#8221;default&#8221; global_colors_info=&#8221;{}&#8221;][et_pb_cta title=&#8221;Refillius&#8221; button_url=&#8221;http:\/\/refillius.dk&#8221; url_new_window=&#8221;on&#8221; button_text=&#8221;Klik&#8221; _builder_version=&#8221;4.27.5&#8243; _module_preset=&#8221;default&#8221; header_font=&#8221;Abril Fatface||||||||&#8221; header_text_align=&#8221;left&#8221; header_text_color=&#8221;#000000&#8243; header_letter_spacing=&#8221;3px&#8221; background_color=&#8221;#FFFFFF&#8221; background_image=&#8221;https:\/\/lorentzenhald.dk\/wp-content\/uploads\/2026\/03\/icon-512&#215;512-1.png&#8221; background_size=&#8221;contain&#8221; custom_button=&#8221;on&#8221; button_text_color=&#8221;#000000&#8243; button_bg_color=&#8221;#7CDA24&#8243; button_font=&#8221;Aboreto||||||||&#8221; button_use_icon=&#8221;off&#8221; button_alignment=&#8221;right&#8221; custom_margin=&#8221;0px||||false|false&#8221; custom_padding=&#8221;||||false|false&#8221; border_radii=&#8221;on|15px|15px|15px|15px&#8221; box_shadow_style=&#8221;preset3&#8243; global_colors_info=&#8221;{}&#8221;][\/et_pb_cta][\/et_pb_column][et_pb_column type=&#8221;1_4&#8243; _builder_version=&#8221;4.27.5&#8243; _module_preset=&#8221;default&#8221; global_colors_info=&#8221;{}&#8221;][et_pb_cta title=&#8221;WEB&#8221; button_url=&#8221;#&#8221; button_text=&#8221;Klik&#8221; _builder_version=&#8221;4.27.5&#8243; _module_preset=&#8221;default&#8221; background_color=&#8221;#8300E9&#8243; border_radii=&#8221;on|15px|15px|15px|15px&#8221; box_shadow_style=&#8221;preset3&#8243; global_colors_info=&#8221;{}&#8221;][\/et_pb_cta][\/et_pb_column][\/et_pb_row][et_pb_row _builder_version=&#8221;4.27.5&#8243; _module_preset=&#8221;default&#8221; global_colors_info=&#8221;{}&#8221;][et_pb_column type=&#8221;4_4&#8243; _builder_version=&#8221;4.27.5&#8243; _module_preset=&#8221;default&#8221; global_colors_info=&#8221;{}&#8221;][et_pb_divider _builder_version=&#8221;4.27.5&#8243; _module_preset=&#8221;default&#8221; global_colors_info=&#8221;{}&#8221;][\/et_pb_divider][\/et_pb_column][\/et_pb_row][et_pb_row _builder_version=&#8221;4.27.5&#8243; _module_preset=&#8221;default&#8221; background_color=&#8221;#e5e5e5&#8243; custom_padding=&#8221;|15px||15px|false|false&#8221; border_radii=&#8221;on|15px|15px|15px|15px&#8221; global_colors_info=&#8221;{}&#8221;][et_pb_column type=&#8221;4_4&#8243; _builder_version=&#8221;4.27.5&#8243; _module_preset=&#8221;default&#8221; global_colors_info=&#8221;{}&#8221;][et_pb_gallery gallery_ids=&#8221;76,68,57,140&#8243; posts_number=&#8221;8&#8243; show_title_and_caption=&#8221;off&#8221; _builder_version=&#8221;4.27.5&#8243; _module_preset=&#8221;default&#8221; border_radii_image=&#8221;on|15px|15px|15px|15px&#8221; box_shadow_style_image=&#8221;preset3&#8243; global_colors_info=&#8221;{}&#8221;][\/et_pb_gallery][\/et_pb_column][\/et_pb_row][et_pb_row column_structure=&#8221;1_2,1_2&#8243; _builder_version=&#8221;4.27.5&#8243; _module_preset=&#8221;default&#8221; global_colors_info=&#8221;{}&#8221;][et_pb_column type=&#8221;1_2&#8243; _builder_version=&#8221;4.27.5&#8243; _module_preset=&#8221;default&#8221; global_colors_info=&#8221;{}&#8221;][et_pb_image src=&#8221;https:\/\/lorentzenhald.dk\/wp-content\/uploads\/2026\/03\/sumsum_i_sundby_sml.png&#8221; title_text=&#8221;sumsum_i_sundby_sml&#8221; _builder_version=&#8221;4.27.5&#8243; _module_preset=&#8221;default&#8221; custom_margin=&#8221;27px||||false|false&#8221; border_radii=&#8221;on|120px|120px|120px|120px&#8221; box_shadow_style=&#8221;preset3&#8243; global_colors_info=&#8221;{}&#8221;][\/et_pb_image][\/et_pb_column][et_pb_column type=&#8221;1_2&#8243; _builder_version=&#8221;4.27.5&#8243; _module_preset=&#8221;default&#8221; global_colors_info=&#8221;{}&#8221;][et_pb_image src=&#8221;https:\/\/lorentzenhald.dk\/wp-content\/uploads\/2026\/03\/limfjord02.jpg&#8221; title_text=&#8221;limfjord02&#8243; _builder_version=&#8221;4.27.5&#8243; _module_preset=&#8221;default&#8221; border_radii=&#8221;off|120px||120px|&#8221; box_shadow_style=&#8221;preset3&#8243; global_colors_info=&#8221;{}&#8221;][\/et_pb_image][\/et_pb_column][\/et_pb_row][\/et_pb_section]<\/p>\n","protected":false},"excerpt":{"rendered":"<p><div class=\"et_pb_module wdcl_image_carousel wdcl_image_carousel_0\">\n\t\t\t\t\n\t\t\t\t\n\t\t\t\t\n\t\t\t\t\n\t\t\t\t\n\t\t\t\t\n\t\t\t\t<div class=\"et_pb_module_inner\">\n\t\t\t\t\t<div dir=\"ltr\" class=\"dcf-container dcf-carousel-maker dcf-lightbox-enabled dcf-centered dcf-centered--highlighted\" data-pagi=\"false\"\n\t\t\tdata-pagi-tablet=\"false\"\n\t\t\tdata-pagi-phone=\"false\"\n\t\t\tdata-nav=\"false\"\n\t\t\tdata-nav-tablet=\"false\"\n\t\t\tdata-nav-phone=\"false\"\n\t\t\tdata-autoplay=\"on\"\n\t\t\tdata-autoplay-speed=\"2000ms\"\n\t\t\tdata-speed=\"2200ms\"\n\t\t\tdata-slides=\"3\"\n\t\t\tdata-slides-tablet=\"2\"\n\t\t\tdata-slides-phone=\"1\"\n\t\t\tdata-center=\"on\"\n\t\t\tdata-center-mode-type=\"highlighted\"\n\t\t\tdata-center-padding=\"70px||\"\n\t\t\tdata-vertical=\"off\"\n\t\t\tdata-icon-left=\"4\"\n\t\t\tdata-icon-right=\"5\"\n\t\t\tdata-infinite=\"on\"\n\t\t\tdata-variable-width=\"on\"\n\t\t\tdata-auto-height=\"off\"\n\t\t\tdata-items-scroll=\"3||\"\n\t\t\tdata-fade=\"off\"\n\t\t\tdata-dir=\"ltr\">\n                \n            <\/div>\n\t\t\t\t<\/div>\n\t\t\t<\/div><div class=\"wdcl_image_carousel_child wdcl_image_carousel_child_0 wdc_et_pb_module\">\n\t\t\t\t\n\t\t\t\t\n\t\t\t\t\n\t\t\t\t\n\t\t\t\t\n\t\t\t\t\n\t\t\t\t<div class=\"et_pb_module_inner\">\n\t\t\t\t\t<div class=\"dcf-carousel-item dcf-image-swap dcf-hover--none\">\n\t\t\t\t<figure class=\"dcf-lightbox-ctrl\">\n\t\t\t\t<div class=\"dcf-overlay\" data-icon=\"\"><\/div>\n\t\t\t\t<img decoding=\"async\" class=\"dcf-main-img\" data-mfp-src=\"https:\/\/lorentzenhald.dk\/wp-content\/uploads\/2026\/03\/my_office_rnd.png\" src=\"https:\/\/lorentzenhald.dk\/wp-content\/uploads\/2026\/03\/my_office_rnd.png\" alt=\"\"\/>\n            <\/figure> \n\t\t\t<\/div>\n\t\t\t\t<\/div>\n\t\t\t<\/div><div class=\"wdcl_image_carousel_child wdcl_image_carousel_child_1 wdc_et_pb_module\">\n\t\t\t\t\n\t\t\t\t\n\t\t\t\t\n\t\t\t\t\n\t\t\t\t\n\t\t\t\t\n\t\t\t\t<div class=\"et_pb_module_inner\">\n\t\t\t\t\t<div class=\"dcf-carousel-item dcf-image-swap dcf-hover--none\">\n\t\t\t\t<figure class=\"dcf-lightbox-ctrl\">\n\t\t\t\t<div class=\"dcf-overlay\" data-icon=\"\"><\/div>\n\t\t\t\t<img decoding=\"async\" class=\"dcf-main-img\" data-mfp-src=\"https:\/\/lorentzenhald.dk\/wp-content\/uploads\/2026\/03\/sumsum_i_sundby_rnd.png\" src=\"https:\/\/lorentzenhald.dk\/wp-content\/uploads\/2026\/03\/sumsum_i_sundby_rnd.png\" alt=\"\"\/>\n            <\/figure> \n\t\t\t<\/div>\n\t\t\t\t<\/div>\n\t\t\t<\/div><div class=\"wdcl_image_carousel_child wdcl_image_carousel_child_2 wdc_et_pb_module\">\n\t\t\t\t\n\t\t\t\t\n\t\t\t\t\n\t\t\t\t\n\t\t\t\t\n\t\t\t\t\n\t\t\t\t<div class=\"et_pb_module_inner\">\n\t\t\t\t\t<div class=\"dcf-carousel-item dcf-image-swap dcf-hover--none\">\n\t\t\t\t<figure class=\"dcf-lightbox-ctrl\">\n\t\t\t\t<div class=\"dcf-overlay\" data-icon=\"\"><\/div>\n\t\t\t\t<img decoding=\"async\" class=\"dcf-main-img\" data-mfp-src=\"https:\/\/lorentzenhald.dk\/wp-content\/uploads\/2026\/03\/grit_sha.png\" src=\"https:\/\/lorentzenhald.dk\/wp-content\/uploads\/2026\/03\/grit_sha.png\" alt=\"\"\/>\n            <\/figure> \n\t\t\t<\/div>\n\t\t\t\t<\/div>\n\t\t\t<\/div><div class=\"wdcl_image_carousel_child wdcl_image_carousel_child_3 wdc_et_pb_module\">\n\t\t\t\t\n\t\t\t\t\n\t\t\t\t\n\t\t\t\t\n\t\t\t\t\n\t\t\t\t\n\t\t\t\t<div class=\"et_pb_module_inner\">\n\t\t\t\t\t<div class=\"dcf-carousel-item dcf-image-swap dcf-hover--none\">\n\t\t\t\t<figure class=\"dcf-lightbox-ctrl\">\n\t\t\t\t<div class=\"dcf-overlay\" data-icon=\"\"><\/div>\n\t\t\t\t<img decoding=\"async\" class=\"dcf-main-img\" data-mfp-src=\"\" src=\"\" alt=\"\"\/>\n            <\/figure> \n\t\t\t<\/div>\n\t\t\t\t<\/div>\n\t\t\t<\/div><\/p>\n","protected":false},"author":1,"featured_media":0,"parent":0,"menu_order":0,"comment_status":"closed","ping_status":"closed","template":"","meta":{"_et_pb_use_builder":"on","_et_pb_old_content":"","_et_gb_content_width":"","footnotes":""},"class_list":["post-116","page","type-page","status-publish","hentry"],"_links":{"self":[{"href":"https:\/\/lorentzenhald.dk\/index.php\/wp-json\/wp\/v2\/pages\/116","targetHints":{"allow":["GET"]}}],"collection":[{"href":"https:\/\/lorentzenhald.dk\/index.php\/wp-json\/wp\/v2\/pages"}],"about":[{"href":"https:\/\/lorentzenhald.dk\/index.php\/wp-json\/wp\/v2\/types\/page"}],"author":[{"embeddable":true,"href":"https:\/\/lorentzenhald.dk\/index.php\/wp-json\/wp\/v2\/users\/1"}],"replies":[{"embeddable":true,"href":"https:\/\/lorentzenhald.dk\/index.php\/wp-json\/wp\/v2\/comments?post=116"}],"version-history":[{"count":35,"href":"https:\/\/lorentzenhald.dk\/index.php\/wp-json\/wp\/v2\/pages\/116\/revisions"}],"predecessor-version":[{"id":235,"href":"https:\/\/lorentzenhald.dk\/index.php\/wp-json\/wp\/v2\/pages\/116\/revisions\/235"}],"wp:attachment":[{"href":"https:\/\/lorentzenhald.dk\/index.php\/wp-json\/wp\/v2\/media?parent=116"}],"curies":[{"name":"wp","href":"https:\/\/api.w.org\/{rel}","templated":true}]}}