{"id":170,"date":"2026-03-15T12:38:01","date_gmt":"2026-03-15T12:38:01","guid":{"rendered":"https:\/\/lorentzenhald.dk\/?page_id=170"},"modified":"2026-03-18T19:30:35","modified_gmt":"2026-03-18T19:30:35","slug":"elevradar","status":"publish","type":"page","link":"https:\/\/lorentzenhald.dk\/index.php\/elevradar\/","title":{"rendered":"Elevradar"},"content":{"rendered":"<p>[et_pb_section fb_built=&#8221;1&#8243; _builder_version=&#8221;4.27.5&#8243; _module_preset=&#8221;default&#8221; global_colors_info=&#8221;{}&#8221;][et_pb_row _builder_version=&#8221;4.27.5&#8243; _module_preset=&#8221;default&#8221; global_colors_info=&#8221;{}&#8221;][et_pb_column type=&#8221;4_4&#8243; _builder_version=&#8221;4.27.5&#8243; _module_preset=&#8221;default&#8221; global_colors_info=&#8221;{}&#8221;][et_pb_image src=&#8221;https:\/\/lorentzenhald.dk\/wp-content\/uploads\/2026\/03\/radar10.png&#8221; title_text=&#8221;radar10&#8243; _builder_version=&#8221;4.27.5&#8243; _module_preset=&#8221;default&#8221; width=&#8221;54%&#8221; width_tablet=&#8221;73%&#8221; width_phone=&#8221;76%&#8221; width_last_edited=&#8221;on|phone&#8221; module_alignment=&#8221;center&#8221; animation_style=&#8221;fade&#8221; animation_duration=&#8221;1500ms&#8221; global_colors_info=&#8221;{}&#8221;][\/et_pb_image][et_pb_heading title=&#8221;Elevradar&#8221; _builder_version=&#8221;4.27.6&#8243; _module_preset=&#8221;default&#8221; title_font=&#8221;Alegreya||||||||&#8221; title_text_align=&#8221;center&#8221; title_font_size=&#8221;86px&#8221; hover_enabled=&#8221;0&#8243; title_font_size_tablet=&#8221;66px&#8221; title_font_size_phone=&#8221;35px&#8221; title_font_size_last_edited=&#8221;on|phone&#8221; global_colors_info=&#8221;{}&#8221; title_text_color=&#8221;#072f9e&#8221; sticky_enabled=&#8221;0&#8243;][\/et_pb_heading][et_pb_code _builder_version=&#8221;4.27.6&#8243; _module_preset=&#8221;default&#8221; global_colors_info=&#8221;{}&#8221;]<script><!-- [et_pb_line_break_holder] -->    jQuery(document).ready(function($) {<!-- [et_pb_line_break_holder] -->        $(\"img\").mouseenter(function() {<!-- [et_pb_line_break_holder] -->            let $pac_da_title = $(this).attr(\"title\");<!-- [et_pb_line_break_holder] -->            $(this).attr(\"pac_da_title\", $pac_da_title);<!-- [et_pb_line_break_holder] -->            $(this).attr(\"title\", \"\");<!-- [et_pb_line_break_holder] -->        }).mouseleave(function() {<!-- [et_pb_line_break_holder] -->            let $pac_da_title = $(this).attr(\"pac_da_title\");<!-- [et_pb_line_break_holder] -->            $(this).attr(\"title\", $pac_da_title);<!-- [et_pb_line_break_holder] -->            $(this).removeAttr(\"pac_da_title\");<!-- [et_pb_line_break_holder] -->        });<!-- [et_pb_line_break_holder] -->    });<!-- [et_pb_line_break_holder] --><\/script>[\/et_pb_code][et_pb_heading title=&#8221;i skolen&#8221; _builder_version=&#8221;4.27.5&#8243; _module_preset=&#8221;default&#8221; title_level=&#8221;h2&#8243; title_font=&#8221;Akaya Kanadaka||||||||&#8221; title_text_align=&#8221;center&#8221; title_text_color=&#8221;#702b00&#8243; title_font_size=&#8221;67px&#8221; title_letter_spacing=&#8221;7px&#8221; custom_margin=&#8221;-37px||||false|false&#8221; title_text_color_tablet=&#8221;&#8221; title_text_color_phone=&#8221;&#8221; title_text_color_last_edited=&#8221;on|phone&#8221; title_font_size_tablet=&#8221;57px&#8221; title_font_size_phone=&#8221;30px&#8221; title_font_size_last_edited=&#8221;on|phone&#8221; global_colors_info=&#8221;{}&#8221;][\/et_pb_heading][\/et_pb_column][\/et_pb_row][\/et_pb_section][et_pb_section fb_built=&#8221;1&#8243; admin_label=&#8221;section&#8221; _builder_version=&#8221;4.16&#8243; global_colors_info=&#8221;{}&#8221;][et_pb_row _builder_version=&#8221;4.27.5&#8243; _module_preset=&#8221;default&#8221; background_color=&#8221;rgba(168,146,122,0.11)&#8221; border_radii=&#8221;off|15px|15px||&#8221; global_colors_info=&#8221;{}&#8221;][et_pb_column type=&#8221;4_4&#8243; _builder_version=&#8221;4.27.5&#8243; _module_preset=&#8221;default&#8221; global_colors_info=&#8221;{}&#8221;][et_pb_heading title=&#8221;Overblik i skolen&#8221; _builder_version=&#8221;4.27.6&#8243; _module_preset=&#8221;default&#8221; title_font=&#8221;Aclonica||||||||&#8221; title_text_align=&#8221;center&#8221; title_font_size=&#8221;60px&#8221; hover_enabled=&#8221;0&#8243; title_font_size_tablet=&#8221;45px&#8221; title_font_size_phone=&#8221;23px&#8221; title_font_size_last_edited=&#8221;on|phone&#8221; global_colors_info=&#8221;{}&#8221; title_text_color=&#8221;#072f9e&#8221; sticky_enabled=&#8221;0&#8243;][\/et_pb_heading][et_pb_text _builder_version=&#8221;4.27.5&#8243; _module_preset=&#8221;default&#8221; text_font=&#8221;Antic Slab||||||||&#8221; text_font_size=&#8221;21px&#8221; custom_padding=&#8221;|26px||26px|false|false&#8221; text_font_size_tablet=&#8221;18px&#8221; text_font_size_phone=&#8221;15px&#8221; text_font_size_last_edited=&#8221;on|phone&#8221; global_colors_info=&#8221;{}&#8221;]<\/p>\n<p>Det kan v\u00e6re sv\u00e6rt at overskue spredningen af elevernes adf\u00e6rd og faglighed i de forskellige fag. Ofte kan der v\u00e6re sammenh\u00e6nge andre gange kan specielt adf\u00e6rden variere markant. Teamradaren kan bruges som grundlag til at udvikle sp\u00f8rgsm\u00e5l til b\u00e5de l\u00e6rere og elever, som kan danne basis for en \u00e6ndret tilgang til b\u00e5de fag og elever.<\/p>\n<p>Teamradaren kan i f\u00f8rste omgang vise&#8230;<\/p>\n<p><b>&#8211; Klassens spredning<\/b><\/p>\n<p><b>&#8211; Spredningen af alle skolens elever.<\/b><\/p>\n<p>Er du l\u00e6rer eller en del af det p\u00e6dagogiske personale?<br \/>\u00d8nsker du at f\u00e5 et klart overblik over dine elevers adf\u00e6rd og faglige pr\u00e6stationer?<br \/>Oplev Teamradar \u2013 et innovativt website, der g\u00f8r det nemt for dig at vurdere og analysere dine elevers udvikling!<br \/>Hvad kan Teamradar? Teamradar giver dig mulighed for at:<\/p>\n<ul>\n<li>Vurdere eleverne i alle klasser og skabe et visuelt radarbillede over deres adf\u00e6rd og faglige placering.<\/li>\n<li>F\u00e5 et samlet overblik over skolens elever, s\u00e5 du kan identificere m\u00f8nstre og udfordringer.<\/li>\n<li>Se om der er en overv\u00e6gt af udadreagerende eller passive elever, s\u00e5 du kan tilpasse din p\u00e6dagogiske indsats m\u00e5lrettet.<\/li>\n<\/ul>\n<p><span>Tilpasset p\u00e6dagogik: Giv dine elever den st\u00f8tte, de har brug for, baseret p\u00e5 faktiske vurderinger.<\/span><br \/><span>Brugervenlig platform: Teamradar er nem at navigere, s\u00e5 du kan fokusere p\u00e5 det vigtigste \u2013 dine elever.<\/span><\/p>\n<p>[\/et_pb_text][\/et_pb_column][\/et_pb_row][et_pb_row column_structure=&#8221;1_5,3_5,1_5&#8243; make_equal=&#8221;on&#8221; _builder_version=&#8221;4.27.5&#8243; _module_preset=&#8221;default&#8221; background_color=&#8221;rgba(168,146,122,0.11)&#8221; module_alignment=&#8221;center&#8221; custom_margin=&#8221;0px|||0px|false|false&#8221; custom_padding=&#8221;|15px||15px|false|false&#8221; border_radii=&#8221;off|||15px|15px&#8221; global_colors_info=&#8221;{}&#8221;][et_pb_column type=&#8221;1_5&#8243; _builder_version=&#8221;4.27.5&#8243; _module_preset=&#8221;default&#8221; global_colors_info=&#8221;{}&#8221;][\/et_pb_column][et_pb_column type=&#8221;3_5&#8243; _builder_version=&#8221;4.27.5&#8243; _module_preset=&#8221;default&#8221; global_colors_info=&#8221;{}&#8221;][et_pb_cta title=&#8221;Administration&#8221; button_url=&#8221;\/radar\/login.php&#8221; button_text=&#8221;Klik&#8221; _builder_version=&#8221;4.27.5&#8243; _module_preset=&#8221;default&#8221; header_font=&#8221;Abril Fatface||||||||&#8221; header_text_align=&#8221;left&#8221; header_text_color=&#8221;#000000&#8243; header_letter_spacing=&#8221;3px&#8221; background_color=&#8221;#0d70c1&#8243; use_background_color_gradient=&#8221;on&#8221; background_color_gradient_stops=&#8221;#2b87da 72%|#29c4a9 100%&#8221; background_enable_mask_style=&#8221;on&#8221; background_mask_style=&#8221;rock-stack&#8221; custom_button=&#8221;on&#8221; button_text_color=&#8221;#000000&#8243; button_font=&#8221;Aboreto||||||||&#8221; button_use_icon=&#8221;off&#8221; button_alignment=&#8221;left&#8221; border_radii=&#8221;on|15px|15px|15px|15px&#8221; box_shadow_style=&#8221;preset3&#8243; global_colors_info=&#8221;{}&#8221;][\/et_pb_cta][\/et_pb_column][et_pb_column type=&#8221;1_5&#8243; _builder_version=&#8221;4.27.5&#8243; _module_preset=&#8221;default&#8221; global_colors_info=&#8221;{}&#8221;][\/et_pb_column][\/et_pb_row][et_pb_row _builder_version=&#8221;4.27.5&#8243; _module_preset=&#8221;default&#8221; global_colors_info=&#8221;{}&#8221;][et_pb_column type=&#8221;4_4&#8243; _builder_version=&#8221;4.27.5&#8243; _module_preset=&#8221;default&#8221; global_colors_info=&#8221;{}&#8221;][et_pb_divider _builder_version=&#8221;4.27.5&#8243; _module_preset=&#8221;default&#8221; global_colors_info=&#8221;{}&#8221;][\/et_pb_divider][\/et_pb_column][\/et_pb_row][\/et_pb_section]<\/p>\n","protected":false},"excerpt":{"rendered":"<p>Det kan v\u00e6re sv\u00e6rt at overskue spredningen af elevernes adf\u00e6rd og faglighed i de forskellige fag. Ofte kan der v\u00e6re sammenh\u00e6nge andre gange kan specielt adf\u00e6rden variere markant. Teamradaren kan bruges som grundlag til at udvikle sp\u00f8rgsm\u00e5l til b\u00e5de l\u00e6rere og elever, som kan danne basis for en \u00e6ndret tilgang til b\u00e5de fag og elever. [&hellip;]<\/p>\n","protected":false},"author":1,"featured_media":0,"parent":0,"menu_order":0,"comment_status":"closed","ping_status":"closed","template":"","meta":{"_et_pb_use_builder":"on","_et_pb_old_content":"","_et_gb_content_width":"","footnotes":""},"class_list":["post-170","page","type-page","status-publish","hentry"],"_links":{"self":[{"href":"https:\/\/lorentzenhald.dk\/index.php\/wp-json\/wp\/v2\/pages\/170","targetHints":{"allow":["GET"]}}],"collection":[{"href":"https:\/\/lorentzenhald.dk\/index.php\/wp-json\/wp\/v2\/pages"}],"about":[{"href":"https:\/\/lorentzenhald.dk\/index.php\/wp-json\/wp\/v2\/types\/page"}],"author":[{"embeddable":true,"href":"https:\/\/lorentzenhald.dk\/index.php\/wp-json\/wp\/v2\/users\/1"}],"replies":[{"embeddable":true,"href":"https:\/\/lorentzenhald.dk\/index.php\/wp-json\/wp\/v2\/comments?post=170"}],"version-history":[{"count":7,"href":"https:\/\/lorentzenhald.dk\/index.php\/wp-json\/wp\/v2\/pages\/170\/revisions"}],"predecessor-version":[{"id":214,"href":"https:\/\/lorentzenhald.dk\/index.php\/wp-json\/wp\/v2\/pages\/170\/revisions\/214"}],"wp:attachment":[{"href":"https:\/\/lorentzenhald.dk\/index.php\/wp-json\/wp\/v2\/media?parent=170"}],"curies":[{"name":"wp","href":"https:\/\/api.w.org\/{rel}","templated":true}]}}